{"id":8,"date":"2016-04-03T16:34:50","date_gmt":"2016-04-03T14:34:50","guid":{"rendered":"http:\/\/www.ttc-stettlen.ch\/?page_id=8"},"modified":"2020-01-16T20:28:56","modified_gmt":"2020-01-16T19:28:56","slug":"geschichte-grundung","status":"publish","type":"page","link":"https:\/\/www.ttc-stettlen.ch\/index.php\/geschichte-grundung\/","title":{"rendered":"Geschichte \/ Gr\u00fcndung"},"content":{"rendered":"<hr \/>\n<p class=\"StandardRegular\">In den sp\u00e4ten 60er Jahren begannen die Angestellten der Firma De Giorgi (Karosseriewerkst\u00e4tte in Bern) zusammen Fussball zu spielen. Bald einmal entschloss man sich, im Firmensport aktiv mitzumachen und eine Mannschaft aufzustellen. Der Erfolg gab ihnen recht.<\/p>\n<p class=\"StandardRegular\">Nur ein Problem hatten die Freizeitsportler noch: wie sollte man die langen fusballlosen Winterabende fit \u00fcberstehen? Heureka &#8211; sie bastelten sich einen Ping-Pong-Tisch und begannen am Arbeitsplatz zu trainieren. Der Arbeitgeber war darob nicht sehr gl\u00fccklich und so z\u00fcgelte die Tischtennis-Sektion des Sportclub De Giorgi in die alte Turnhalle nach Stettlen. Der Drang nach Meisterschaftsspielen wurde gross und gr\u00f6sser und so konstituierte sich am 26. November 1976 der Tischtennisclub TTC Stettlen.<\/p>\n<p>Dabei waren folgende Gr\u00fcndungsmitglieder:<\/p>\n<p><strong>Vorstand:<\/strong><br \/>\n&#8211; Friedrich Bigler (Pr\u00e4sident)<br \/>\n&#8211; Marcel Schmutz (Vizepr\u00e4sident)<br \/>\n&#8211; Beat Schwarz (Spielleiter)<br \/>\n&#8211; Marcel Schmutz (Trainer)<br \/>\n&#8211; Stefanie Schaltegger (Sekret\u00e4rin)<br \/>\n&#8211; Ruth Obert (Kassiererin)<br \/>\n&#8211; Hansueli Schwarz (Jugendbetreuer)<br \/>\n&#8211; Ernst Sommer (Materialverwalter)<\/p>\n<p><strong>Mitglieder:<\/strong><br \/>\n&#8211; Madeleine Schl\u00e4fli<br \/>\n&#8211; Hans Bichsel<br \/>\n&#8211; Peter Kramer<br \/>\n&#8211; H.-R. Sch\u00f6ni<br \/>\n&#8211; Heidi Hofstetter<br \/>\n&#8211; H.Reisinger<br \/>\n&#8211; Fredy Hofstetter<br \/>\n&#8211; Fam. \u00c4rni und H\u00e4usler<\/p>\n<p class=\"StandardRegular\">Der junge Verein entwickelte sich rasch und z\u00e4hlte nach nur drei Jahren bereits \u00fcber 80 Mitglieder. Unter der Leitung von Heinz Schenk (Pr\u00e4sident) und den Gebr\u00fcdern Schwarz, (Nachwuchs, Technische Kommission) entpuppte sich der TTC Stettlen als Senkrechtstarter: bereits 1980 konnten die ersten sportlichen Erfolge gefeiert werden; die erste Herrenmannschaft stieg in die dritte Liga auf!<\/p>\n<p class=\"StandardRegular\">Bereits vorher aber wurde ein anderer Erfolg verbucht: der TTC Stettlen galt in der Region als der Club, in dem &#8222;am meisten l\u00e4uft&#8220; &#8211; vom Kegeln \u00fcber Skifahren zu Waldfesten und Velofahrten herrschte ein Dauerangebot an sehr beliebten Anl\u00e4ssen. Daneben wurde stets hart trainiert.<\/p>\n<p class=\"StandardBold\">Ein Auszug aus dem Palmares des TTC Stettlen:<\/p>\n<p class=\"StandardBold\"><strong>1982<\/strong><\/p>\n<p class=\"StandardBold\">&#8211; Gewinn des Worbelntalcups<br \/>\n&#8211; diverse Aufstiege des Nachwuchses<\/p>\n<p class=\"StandardBold\"><strong>1984<\/strong><\/p>\n<p class=\"StandardBold\">&#8211; vierfacher Mixed-Triumph am nationalen Bantigercup<br \/>\n&#8211; Aufstieg der Senioren in die 1. Liga<\/p>\n<p class=\"StandardBold\"><strong>1985<\/strong><\/p>\n<p class=\"StandardBold\">&#8211; Aufstieg der ersten Damenmannschaft (nach nur sechs Jahren) in die Nationalliga B<\/p>\n<p class=\"StandardBold\"><strong>1986<\/strong><\/p>\n<p class=\"StandardBold\">&#8211; Aufstieg der ersten Herrenmannschaft in die 2. Liga.<\/p>\n<p>Werner Schindler<\/p>\n","protected":false},"excerpt":{"rendered":"<p>In den sp\u00e4ten 60er Jahren begannen die Angestellten der Firma De Giorgi (Karosseriewerkst\u00e4tte in Bern) zusammen Fussball zu spielen. Bald einmal entschloss man sich, im Firmensport aktiv mitzumachen und eine Mannschaft aufzustellen. Der Erfolg gab ihnen recht. Nur ein Problem hatten die Freizeitsportler noch: wie sollte man die langen fusballlosen Winterabende fit \u00fcberstehen? Heureka &#8211; &hellip; <a href=\"https:\/\/www.ttc-stettlen.ch\/index.php\/geschichte-grundung\/\" class=\"more-link\"><span class=\"screen-reader-text\">Geschichte \/ Gr\u00fcndung<\/span> weiterlesen <span class=\"meta-nav\">&rarr;<\/span><\/a><\/p>\n","protected":false},"author":1,"featured_media":0,"parent":0,"menu_order":0,"comment_status":"closed","ping_status":"closed","template":"","meta":{"footnotes":""},"class_list":["post-8","page","type-page","status-publish","hentry"],"_links":{"self":[{"href":"https:\/\/www.ttc-stettlen.ch\/index.php\/wp-json\/wp\/v2\/pages\/8","targetHints":{"allow":["GET"]}}],"collection":[{"href":"https:\/\/www.ttc-stettlen.ch\/index.php\/wp-json\/wp\/v2\/pages"}],"about":[{"href":"https:\/\/www.ttc-stettlen.ch\/index.php\/wp-json\/wp\/v2\/types\/page"}],"author":[{"embeddable":true,"href":"https:\/\/www.ttc-stettlen.ch\/index.php\/wp-json\/wp\/v2\/users\/1"}],"replies":[{"embeddable":true,"href":"https:\/\/www.ttc-stettlen.ch\/index.php\/wp-json\/wp\/v2\/comments?post=8"}],"version-history":[{"count":11,"href":"https:\/\/www.ttc-stettlen.ch\/index.php\/wp-json\/wp\/v2\/pages\/8\/revisions"}],"predecessor-version":[{"id":909,"href":"https:\/\/www.ttc-stettlen.ch\/index.php\/wp-json\/wp\/v2\/pages\/8\/revisions\/909"}],"wp:attachment":[{"href":"https:\/\/www.ttc-stettlen.ch\/index.php\/wp-json\/wp\/v2\/media?parent=8"}],"curies":[{"name":"wp","href":"https:\/\/api.w.org\/{rel}","templated":true}]}}