{"id":407,"date":"2016-10-26T21:51:48","date_gmt":"2016-10-26T19:51:48","guid":{"rendered":"http:\/\/www.ttc-stettlen.ch\/?page_id=407"},"modified":"2023-09-05T08:50:14","modified_gmt":"2023-09-05T06:50:14","slug":"tigercup","status":"publish","type":"page","link":"https:\/\/www.ttc-stettlen.ch\/index.php\/tigercup\/","title":{"rendered":"Jugend nicht lizenziert"},"content":{"rendered":"<hr \/>\n<h4><strong>Meisterschaft:<\/strong><\/h4>\n<p><strong><strong><em>Suisse Junior Challenge<br \/><\/em><\/strong><\/strong>ist ein Mannschaftswettkampf (2er Teams) f\u00fcr nicht lizenzierte Spielerinnen und Spieler. Er wird in der Kategorie U14 ausgetragen, M\u00e4dchen und Knaben werden nicht getrennt.<\/p>\n<p><a href=\"https:\/\/www.swisstabletennis.ch\/suissejuniorchallenge\/\" target=\"_blank\" rel=\"noopener\">Swiss Junior Challenge<\/a><\/p>\n<p><strong><em><span style=\"color: #000000;\"><strong><em>Jugendclubmeisterschaft<\/em><\/strong><\/span><br \/><\/em><\/strong>jeweils am Saisonende f\u00fchrt der TTC Stettlen eine Jugend-Clubmeisterschaft durch. Die Erst- und Zweitklassierten sind f\u00fcr die Clubmeisterschaft der Erwachsenen qualifiziert.<\/p>\n<hr \/>\n<h4><strong>Turniere:<\/strong><\/h4>\n<p style=\"padding-left: 200px;\">\n<table id=\"tablepress-19\" class=\"tablepress tablepress-id-19\">\n<tbody class=\"row-hover\">\n<tr class=\"row-1\">\n\t<td class=\"column-1\"><a href=\"https:\/\/www.swisstabletennis.ch\/events\/tigercup\/\" rel=\"noopener\" target=\"_blank\">Tiger Cup Burgdorf<\/a><\/td><td class=\"column-2\"><\/td>\n<\/tr>\n<tr class=\"row-2\">\n\t<td class=\"column-1\"><a href=\"https:\/\/www.ttc-langenthal.ch\/oa-trophy-2026\/index.html\" rel=\"noopener\" target=\"_blank\">Oberaargauer Trophy Langenthal 2026<\/a><\/td><td class=\"column-2\"><\/td>\n<\/tr>\n<tr class=\"row-3\">\n\t<td class=\"column-1\"><a href=\"https:\/\/www.swisstabletennis.ch\/breitensport-foerderkonzept\/\" rel=\"noopener\" target=\"_blank\">Swiss Table Tennis \/ Breitensport-Foerderkonzept<\/a><\/td><td class=\"column-2\"><\/td>\n<\/tr>\n<\/tbody>\n<\/table>\n<!-- #tablepress-19 from cache --><\/p>\n\n\n<p><\/p>\n","protected":false},"excerpt":{"rendered":"<p>Meisterschaft: Suisse Junior Challengeist ein Mannschaftswettkampf (2er Teams) f\u00fcr nicht lizenzierte Spielerinnen und Spieler. Er wird in der Kategorie U14 ausgetragen, M\u00e4dchen und Knaben werden nicht getrennt. Swiss Junior Challenge Jugendclubmeisterschaftjeweils am Saisonende f\u00fchrt der TTC Stettlen eine Jugend-Clubmeisterschaft durch. Die Erst- und Zweitklassierten sind f\u00fcr die Clubmeisterschaft der Erwachsenen qualifiziert. Turniere:<\/p>\n","protected":false},"author":1,"featured_media":0,"parent":0,"menu_order":0,"comment_status":"closed","ping_status":"closed","template":"","meta":{"footnotes":""},"class_list":["post-407","page","type-page","status-publish","hentry"],"_links":{"self":[{"href":"https:\/\/www.ttc-stettlen.ch\/index.php\/wp-json\/wp\/v2\/pages\/407","targetHints":{"allow":["GET"]}}],"collection":[{"href":"https:\/\/www.ttc-stettlen.ch\/index.php\/wp-json\/wp\/v2\/pages"}],"about":[{"href":"https:\/\/www.ttc-stettlen.ch\/index.php\/wp-json\/wp\/v2\/types\/page"}],"author":[{"embeddable":true,"href":"https:\/\/www.ttc-stettlen.ch\/index.php\/wp-json\/wp\/v2\/users\/1"}],"replies":[{"embeddable":true,"href":"https:\/\/www.ttc-stettlen.ch\/index.php\/wp-json\/wp\/v2\/comments?post=407"}],"version-history":[{"count":78,"href":"https:\/\/www.ttc-stettlen.ch\/index.php\/wp-json\/wp\/v2\/pages\/407\/revisions"}],"predecessor-version":[{"id":1388,"href":"https:\/\/www.ttc-stettlen.ch\/index.php\/wp-json\/wp\/v2\/pages\/407\/revisions\/1388"}],"wp:attachment":[{"href":"https:\/\/www.ttc-stettlen.ch\/index.php\/wp-json\/wp\/v2\/media?parent=407"}],"curies":[{"name":"wp","href":"https:\/\/api.w.org\/{rel}","templated":true}]}}